{"id":158,"date":"2025-01-02T15:44:19","date_gmt":"2025-01-02T15:44:19","guid":{"rendered":"https:\/\/heienweb.com\/leo\/?page_id=158"},"modified":"2025-12-31T14:06:54","modified_gmt":"2025-12-31T14:06:54","slug":"winnebagopila","status":"publish","type":"page","link":"https:\/\/heienweb.com\/leo\/winnebagopila\/","title":{"rendered":"Winnebagopila"},"content":{"rendered":"\n<p class=\"has-large-font-size\"><em><strong>Winnebagopila<\/strong><\/em><\/p>\n\n\n\n<div class=\"wp-block-media-text is-stacked-on-mobile is-vertically-aligned-center\" style=\"grid-template-columns:40% auto\"><figure class=\"wp-block-media-text__media\"><img loading=\"lazy\" decoding=\"async\" width=\"668\" height=\"1024\" src=\"https:\/\/heienweb.com\/leo\/wp-content\/uploads\/2025\/03\/winnebagopila2-1-668x1024.jpg\" alt=\"\" class=\"wp-image-285 size-full\" srcset=\"https:\/\/heienweb.com\/leo\/wp-content\/uploads\/2025\/03\/winnebagopila2-1-668x1024.jpg 668w, https:\/\/heienweb.com\/leo\/wp-content\/uploads\/2025\/03\/winnebagopila2-1-196x300.jpg 196w, https:\/\/heienweb.com\/leo\/wp-content\/uploads\/2025\/03\/winnebagopila2-1.jpg 712w\" sizes=\"auto, (max-width: 668px) 100vw, 668px\" \/><\/figure><div class=\"wp-block-media-text__content\">\n<p><\/p>\n\n\n\n<p>Romanen <em><strong>Winnebagopila<\/strong><\/em> er oppf\u00f8lgjarboka til <strong><em>Draumen om ein flat \u00e5ker<\/em><\/strong>, men kan \u00f2g lesast uavhengig av den f\u00f8rste boka.<\/p>\n\n\n\n<p><br>Boka er utgjeven fr\u00e5 Kapabel Forlag, men eg har avtale om \u00e5 selje signert bok fr\u00e5 eige forlag (Otter\u00e5 Heien Forlag). Du kan kj\u00f8pe boka her ved \u00e5 bruke <strong>VIPPS til nr. 733692<\/strong> eller bankkonto <strong>0530.49.46042<\/strong>. Prisen er <strong>kr. 389,-<\/strong><\/p>\n\n\n\n<p>Eg sender signert bok til deg. \u00d8nskjer du \u00e5 gje boka i g\u00e5ve og treng fleire? For tre eller fleire er prisen kr. 350,- pr. stk!<\/p>\n\n\n\n<p>Du kan f\u00e5 begge b\u00f8kene (<em>Winnebagopila<\/em> og <em>Draumen om ein flat \u00e5ker<\/em>) <strong>samla for kr. 650,-<\/strong> fritt tilsendt.<\/p>\n\n\n\n<p><\/p>\n<\/div><\/div>\n\n\n\n<p><\/p>\n\n\n\n<p>Har du kommentarar eller sp\u00f8rsm\u00e5l, ta kontakt p\u00e5 <a href=\"mailto:leo888@me.com\">epost<\/a><\/p>\n\n\n\n<p style=\"font-size:14px\">Baksidetekst:<br>&laquo;Ein varm sommardag i 1873 kjem Martinus Brekke og reisef\u00f8lgjet fram til den vesle stasjonsbyen Ridgeway i det nordaustlege Iowa. Livet blir ikkje heilt som dei nyframkomne hadde tenkt seg, og ei dramatisk hending snur om p\u00e5 fleire planar.<\/p>\n\n\n\n<p style=\"font-size:14px\">Det er g\u00e5tt vel tjue \u00e5r sidan dei f\u00f8rste nybyggjarane kom og urfolket blei jaga vekk. Vi f\u00f8lgjer innvandrarane gjennom det f\u00f8rste trekvart \u00e5ret i Amerika og f\u00e5r eit innblikk i livet til b\u00e5de nybyggjarar og urfolk.<\/p>\n\n\n\n<p class=\"has-text-align-left\" style=\"font-size:14px\">Boka er oppf\u00f8lgjaren til <em>Draumen om ein flat \u00e5ker<\/em>, men kan ogs\u00e5 lesast for seg.&raquo;<br><\/p>\n\n\n\n<p><strong>Tilbakemeldingar:<\/strong><\/p>\n\n\n\n<p><\/p>\n\n\n\n<p>Bokbloggar Linda Hagen:<br>\u00ab<em><strong>Jeg anbefaler alle \u00e5 lese b\u00f8kene til Leif Erik Otter\u00e5, som omhandler utvandringen til Amerika og livet etter, i Amerika. Nydelige b\u00f8ker. De er skrevet p\u00e5 nynorsk, og det gj\u00f8r faktisk b\u00f8kene enda finere\u2764\ufe0f<\/strong><\/em>\u00bb<\/p>\n\n\n\n<p>Lesar i Fitjar:<br>\u00ab<em><strong>Eg har lese med stor interess<\/strong><\/em><strong><em>e, og h\u00e5par det kjem fleire b\u00f8ker i serien. Detaljrikdomen og faktaopplysningane i denne boka avsl\u00f8rer ein grundig forfattar.<\/em><\/strong>\u00bb<\/p>\n\n\n\n<p>Lesar i Bergen:<br><strong>\u00ab<i>Jeg<\/i><em> tror p\u00e5 hvert ord<\/em>.\u00bb<\/strong><\/p>\n\n\n\n<p>Lesar i Trondheim:<br><strong>\u00ab<em>Akkurat ferdig \u00e5 lese din fantastisk godt skrevne bok. Mye historisk fakta, skikkelig inspirerende, alt sammen<\/em>.\u00bb<\/strong><\/p>\n\n\n\n<p>Lesar i Agder:<br><strong>\u00ab<em>Winnebagopila har eg kosa meg med n\u00e5 i p\u00e5ska. Sei meg gjerne til om der kjem fleire b\u00f8ker<\/em>.\u00bb<\/strong><\/p>\n\n\n\n<p>Lesar i Sunnfjord:<br><strong>\u00ab<em>Takk for veldig spennande lesing<\/em>.\u00bb<\/strong><\/p>\n\n\n\n<p>Lesar i Connecticut (USA):<br><strong>\u00ab<em>Kunne ikke legge vekk boka. M\u00e5tte lese videre!<\/em>\u00bb<\/strong><\/p>\n\n\n\n<p>Min fetter Anfinn (Nynorskforkjempar og norsklektor):<br><strong>\u00ab<em>Dessutan er eg retteleg imponert over spr\u00e5ket i romanen. Du meistrar nynorsk meir enn dei fleste, vil eg p\u00e5st\u00e5<\/em>.\u00bb<\/strong><\/p>\n","protected":false},"excerpt":{"rendered":"<p>Winnebagopila Romanen Winnebagopila er oppf\u00f8lgjarboka til Draumen om ein flat \u00e5ker, men kan \u00f2g lesast uavhengig av den f\u00f8rste boka. Boka er utgjeven fr\u00e5 Kapabel Forlag, men eg har avtale om \u00e5 selje signert bok fr\u00e5 eige forlag (Otter\u00e5 Heien Forlag). Du kan kj\u00f8pe boka her ved \u00e5 bruke VIPPS til nr. 733692 eller bankkonto [&hellip;]<\/p>\n","protected":false},"author":1,"featured_media":0,"parent":0,"menu_order":0,"comment_status":"closed","ping_status":"closed","template":"","meta":{"footnotes":""},"class_list":["post-158","page","type-page","status-publish","hentry"],"_links":{"self":[{"href":"https:\/\/heienweb.com\/leo\/wp-json\/wp\/v2\/pages\/158","targetHints":{"allow":["GET"]}}],"collection":[{"href":"https:\/\/heienweb.com\/leo\/wp-json\/wp\/v2\/pages"}],"about":[{"href":"https:\/\/heienweb.com\/leo\/wp-json\/wp\/v2\/types\/page"}],"author":[{"embeddable":true,"href":"https:\/\/heienweb.com\/leo\/wp-json\/wp\/v2\/users\/1"}],"replies":[{"embeddable":true,"href":"https:\/\/heienweb.com\/leo\/wp-json\/wp\/v2\/comments?post=158"}],"version-history":[{"count":36,"href":"https:\/\/heienweb.com\/leo\/wp-json\/wp\/v2\/pages\/158\/revisions"}],"predecessor-version":[{"id":352,"href":"https:\/\/heienweb.com\/leo\/wp-json\/wp\/v2\/pages\/158\/revisions\/352"}],"wp:attachment":[{"href":"https:\/\/heienweb.com\/leo\/wp-json\/wp\/v2\/media?parent=158"}],"curies":[{"name":"wp","href":"https:\/\/api.w.org\/{rel}","templated":true}]}}