{"id":12,"date":"2021-09-21T06:53:43","date_gmt":"2021-09-21T06:53:43","guid":{"rendered":"https:\/\/heienweb.com\/leo\/?page_id=12"},"modified":"2025-01-04T15:42:27","modified_gmt":"2025-01-04T15:42:27","slug":"kontakt","status":"publish","type":"page","link":"https:\/\/heienweb.com\/leo\/kontakt\/","title":{"rendered":"Kontakt"},"content":{"rendered":"\n<p class=\"has-large-font-size\">Kontakt:<\/p>\n\n\n\n<p class=\"has-large-font-size\">Leif Erik Otter\u00e5<br><br>tlf:  905 09 405<br> <a href=\"mailto:leo888@me.com\" data-type=\"mailto\" data-id=\"mailto:leo888@me.com\">send epost<\/a><\/p>\n\n\n\n<p>For kj\u00f8p av b\u00f8ker, bruk VIPPS til <strong>90509405<\/strong>, eller betal til bankkontonummer <strong>0530.49.46042<\/strong><\/p>\n","protected":false},"excerpt":{"rendered":"<p>Kontakt: Leif Erik Otter\u00e5 tlf: 905 09 405 send epost For kj\u00f8p av b\u00f8ker, bruk VIPPS til 90509405, eller betal til bankkontonummer 0530.49.46042<\/p>\n","protected":false},"author":1,"featured_media":0,"parent":0,"menu_order":0,"comment_status":"closed","ping_status":"closed","template":"","meta":{"footnotes":""},"class_list":["post-12","page","type-page","status-publish","hentry"],"_links":{"self":[{"href":"https:\/\/heienweb.com\/leo\/wp-json\/wp\/v2\/pages\/12","targetHints":{"allow":["GET"]}}],"collection":[{"href":"https:\/\/heienweb.com\/leo\/wp-json\/wp\/v2\/pages"}],"about":[{"href":"https:\/\/heienweb.com\/leo\/wp-json\/wp\/v2\/types\/page"}],"author":[{"embeddable":true,"href":"https:\/\/heienweb.com\/leo\/wp-json\/wp\/v2\/users\/1"}],"replies":[{"embeddable":true,"href":"https:\/\/heienweb.com\/leo\/wp-json\/wp\/v2\/comments?post=12"}],"version-history":[{"count":14,"href":"https:\/\/heienweb.com\/leo\/wp-json\/wp\/v2\/pages\/12\/revisions"}],"predecessor-version":[{"id":230,"href":"https:\/\/heienweb.com\/leo\/wp-json\/wp\/v2\/pages\/12\/revisions\/230"}],"wp:attachment":[{"href":"https:\/\/heienweb.com\/leo\/wp-json\/wp\/v2\/media?parent=12"}],"curies":[{"name":"wp","href":"https:\/\/api.w.org\/{rel}","templated":true}]}}