{"id":10,"date":"2021-09-21T06:53:43","date_gmt":"2021-09-21T06:53:43","guid":{"rendered":"https:\/\/heienweb.com\/leo\/?page_id=10"},"modified":"2025-12-31T14:09:32","modified_gmt":"2025-12-31T14:09:32","slug":"lag-ditt-nettsted-med-blokker","status":"publish","type":"page","link":"https:\/\/heienweb.com\/leo\/","title":{"rendered":""},"content":{"rendered":"\n<p class=\"has-black-color has-text-color has-large-font-size\" style=\"letter-spacing:px\"><em><strong>Draumen om ein flat \u00e5ker<\/strong><\/em><\/p>\n\n\n\n<p class=\"has-black-color has-text-color has-link-color wp-elements-700d2ef90454a8552cdb8fb03ca59151\">G\u00e5ve til ein som likar historiske forteljingar? Denne er n\u00e5 p\u00e5 tilbod, <s>kr. 325,-<\/s> <strong>kr. 275,-<\/strong><br>Oppf\u00f8lgjarboka (Winnebagopila) kom i 2025. <strong>For informasjon om Winnebagopila, og kj\u00f8p, <a href=\"https:\/\/heienweb.com\/leo\/winnebagopila\/\" data-type=\"page\" data-id=\"158\">sj\u00e5 her<\/a>.<\/strong><\/p>\n\n\n\n<p class=\"has-text-color\" style=\"color:#e31010\"><em><strong>Signerte b\u00f8ker <\/strong>sendes portofritt innanlands<\/em><\/p>\n\n\n\n<p>Lesar i Bergen:<br>&laquo;<em><strong>Det er som ei sorg at eg snart er ferdig med boka. Eg vil lesa meir!<\/strong><\/em>&laquo;<\/p>\n\n\n\n<div class=\"wp-block-group alignfull is-layout-constrained wp-block-group-is-layout-constrained\">\n<div class=\"wp-block-group is-vertical is-content-justification-left is-layout-flex wp-container-core-group-is-layout-c6e5b353 wp-block-group-is-layout-flex\">\n<div class=\"wp-block-media-text is-stacked-on-mobile is-vertically-aligned-center is-style-default\" style=\"grid-template-columns:40% auto\"><figure class=\"wp-block-media-text__media\"><img loading=\"lazy\" decoding=\"async\" width=\"768\" height=\"1024\" src=\"https:\/\/heienweb.com\/leo\/wp-content\/uploads\/2022\/06\/IMG_0852-768x1024.jpg\" alt=\"\" class=\"wp-image-110 size-full\" srcset=\"https:\/\/heienweb.com\/leo\/wp-content\/uploads\/2022\/06\/IMG_0852-768x1024.jpg 768w, https:\/\/heienweb.com\/leo\/wp-content\/uploads\/2022\/06\/IMG_0852-225x300.jpg 225w, https:\/\/heienweb.com\/leo\/wp-content\/uploads\/2022\/06\/IMG_0852-1152x1536.jpg 1152w, https:\/\/heienweb.com\/leo\/wp-content\/uploads\/2022\/06\/IMG_0852-1536x2048.jpg 1536w, https:\/\/heienweb.com\/leo\/wp-content\/uploads\/2022\/06\/IMG_0852-1568x2091.jpg 1568w, https:\/\/heienweb.com\/leo\/wp-content\/uploads\/2022\/06\/IMG_0852-scaled.jpg 1920w\" sizes=\"auto, (max-width: 768px) 100vw, 768px\" \/><\/figure><div class=\"wp-block-media-text__content\">\n<p class=\"has-small-font-size\">Baksidetekst:<\/p>\n\n\n\n<p class=\"has-black-color has-text-color has-link-color wp-elements-e470a31453642eae1b360cd25dc5061b\" style=\"font-size:14px\">&laquo;I perioden 1825 til 1920 emigrerte n\u00e6r 800 000 nordmenn til Amerika.<\/p>\n\n\n\n<p class=\"has-black-color has-text-color has-link-color wp-elements-035c09ba41c6227d019621051e3f1d61\" style=\"font-size:14px\">Odelsguten Martinus vaks opp p\u00e5 Brekke s\u00f8r p\u00e5 Huftar\u00f8y saman med far, stemor, halvs\u00f8sken og besteforeldre. Handlinga tek til i 1845, \u00e5ret f\u00f8r Martinus blei f\u00f8dd, og g\u00e5r fram til 1873 og den dramatiske reisa til Amerika. Martinus var ein av 302 passasjerar p\u00e5 barken \u00abValkyrien\u00bb som to gonger var n\u00e6r \u00e5 forlise. Dramatikk var det \u00f2g i livet til Martinus f\u00f8r han reiste, i kvardag og kj\u00e6rleik, som sildefiskar og kyrkjebyggjar.<\/p>\n\n\n\n<p class=\"has-black-color has-text-color has-link-color wp-elements-72e457516ef4b5eb41cf4a4e2f36baf9\" style=\"font-size:14px\">Dette er ei forteljing om ein familie fr\u00e5 Sunnhordland og ei amerikareise. Forteljinga er \u00f2g eit stykke noregshistorie som g\u00e5r langt utanfor bygda og landet sine grenser.&raquo;<\/p>\n<\/div><\/div>\n<\/div>\n<\/div>\n\n\n\n<p class=\"has-text-align-left\"><strong>Tilbod!<\/strong><br>Boka er utgjeven fr\u00e5 Kapabel Forlag, men eg har avtale om \u00e5 selje signert bok fr\u00e5 eige forlag (Otter\u00e5 Heien Forlag). Du f\u00e5r tilsend signert bok (<em>Draumen om ein flat \u00e5ker<\/em>) for <s>kr. 325,-<\/s> <strong>kr. 275,-<\/strong> inkludert porto<br>Bruk <strong>Vipps til 733692<\/strong>. Hugs \u00e5 oppgje adresse.<\/p>\n\n\n\n<p class=\"has-text-align-left\">Om du ikkje har Vipps kan du betale i Nettbanken til konto nr. <strong>0530.49.46042<\/strong>. Oppgje adresse og telefon. Om \u00f8nskjeleg kan du kontakte meg p\u00e5 <a href=\"mailto:leo888@me.com\" target=\"_blank\" rel=\"noreferrer noopener\">epost<\/a> <\/p>\n\n\n\n<p><a href=\"https:\/\/heienweb.com\/leo\/winnebagopila\/\" data-type=\"page\" data-id=\"158\"><strong>Oppf\u00f8lgjarboka (<em>Winnebagopila<\/em>)<\/strong><\/a>, om opplevingar og overraskingar i Amerika det f\u00f8rste \u00e5ret (1873), er ogs\u00e5 klar. Du kan f\u00e5 begge b\u00f8kene (<em>Draumen om ein flat \u00e5ker<\/em> og <em>Winnebagopila<\/em>) <strong>samla for kr. 650,-<\/strong><\/p>\n\n\n\n<p><strong>Fleire tilbakemeldingar:<\/strong><\/p>\n\n\n\n<p>Lesar i Fitjar:<br>&laquo;<em><strong>Spr\u00e5ket er s\u00e5 leikande lett at det er ein fryd \u00e5 lesa<\/strong><\/em>.&raquo;<\/p>\n\n\n\n<p>Lesar i Island:<br><strong>&laquo;<em>Det var en stor opplevelse fra begynnelse til slutt.&nbsp; Historien er spennende og den er her presentert p\u00e5 en levende og vakker m\u00e5te<\/em>.&raquo;<\/strong><\/p>\n\n\n\n<p>Utdrag fr\u00e5 bokmelding i avisa \u00ab<em>Marsteinen<\/em>\u00bb:<br><strong>&laquo;<em>Eg synest boka vert meir og meir spanande for kvar side. P\u00e5 sj\u00f8en og havet er Otter\u00e5 sine ord i sitt ess. Eg ser \u00f2g for meg den fagre ungkvinna p\u00e5 Island, uv\u00ear og sj\u00f8spr\u00f8yten i andletet. Hjartebanken, det som nesten endar i forlis<\/em>.&raquo;<\/strong><\/p>\n\n\n\n<p>Lokalhistorikar i Fitjar:<br><strong>&laquo;<em>Eg vart heilt med i handlinga d\u00e5 eg las. Du har gjort ein stor jobb med research, og lukkast sv\u00e6rt godt med skildringa av livet p\u00e5 v\u00e5re kantar i den aktuelle perioden<\/em>.&raquo;<\/strong><\/p>\n\n\n\n<p>Lesar p\u00e5 Nord-M\u00f8re:<br><strong>&laquo;<em>Veldig kjekt \u00e5 lesa denne boka!!!!<\/em> \ud83d\udc4d&raquo;<\/strong><\/p>\n\n\n\n<p>Lesar p\u00e5 J\u00e6ren:<br><strong><em>&laquo;Boka var kjempekjekke \ud83d\udc4d&raquo;<\/em><\/strong><\/p>\n\n\n\n<p>Lesar i Rogaland:<br><strong><em>&laquo;Takk for en nydelig leseropplevelse. Dessverre tok boka altfor fort slutt! &#8230; <\/em><\/strong><br><strong><em>Glede og sorg deles med hovedpersonene samt undring over hvordan forfatteren klarer \u00e5 flette inn stemninger i rommet eller mellom personene i en dialog. &#8230;<\/em><\/strong><br><strong><em>Takk for en flott bok \u2014 h\u00e5per det kommer flere.<\/em><\/strong><em><strong>&laquo;<\/strong><\/em><\/p>\n\n\n\n<p>Bokbloggar Linda Hagen:<br><strong><em>&laquo;I denne boken f\u00e5r vi f\u00f8lge odelsgutten Martinus, som vokser opp p\u00e5 ei bygd i Sunnhordland, fra \u00e5ret han blir f\u00f8dt og til han reiser til Amerika for \u00e5 pr\u00f8ve lykken der.<\/em><\/strong><\/p>\n\n\n\n<p><strong><em>Jeg synes dette var en nydelig bok med en god historie, og velbeskrevne skildringer av hvordan livet kunne v\u00e6re p\u00e5 1800-tallet for mange av oss. Gleder og sorger. H\u00e5p og dr\u00f8mmer. Om \u00e5 holde p\u00e5 dr\u00f8mmene og gj\u00f8re alt for \u00e5 kunne realisere de.<\/em><\/strong><\/p>\n\n\n\n<p><strong><em>Ikke bare er det en bok, men et flott stykke norgeshistorie ogs\u00e5. Og for ei som elsker b\u00e5de bonderomantikk, dr\u00f8mmer og historie, s\u00e5 var denne boken midt i blinken. Den er skrevet p\u00e5 nynorsk, men det gjorde faktisk boken mer ekte.<\/em><\/strong><\/p>\n\n\n\n<p><strong><em>Anbefales p\u00e5 det varmeste!<\/em><\/strong><\/p>\n\n\n\n<p><strong><em>Tusen takk for denne nydelige boken.&raquo;<\/em><\/strong><\/p>\n\n\n\n<p><\/p>\n\n\n\n<p class=\"has-text-align-center\">&#8212;&#8212;&#8212;&#8212;&#8212;&#8212;&#8212;&#8212;&#8212;&#8212;&#8212;&#8212;&#8212;&#8211;<\/p>\n\n\n\n<p class=\"has-text-align-left\">Om du har lese boka og vil gje ei tilbakemelding kan du skrive ein <a href=\"https:\/\/heienweb.com\/leo\/blogg\/\" data-type=\"page\" data-id=\"232\">kommentar her<\/a>.<\/p>\n","protected":false},"excerpt":{"rendered":"<p>Draumen om ein flat \u00e5ker G\u00e5ve til ein som likar historiske forteljingar? Denne er n\u00e5 p\u00e5 tilbod, kr. 325,- kr. 275,-Oppf\u00f8lgjarboka (Winnebagopila) kom i 2025. For informasjon om Winnebagopila, og kj\u00f8p, sj\u00e5 her. Signerte b\u00f8ker sendes portofritt innanlands Lesar i Bergen:&laquo;Det er som ei sorg at eg snart er ferdig med boka. Eg vil lesa [&hellip;]<\/p>\n","protected":false},"author":1,"featured_media":0,"parent":0,"menu_order":0,"comment_status":"closed","ping_status":"closed","template":"","meta":{"footnotes":""},"class_list":["post-10","page","type-page","status-publish","hentry"],"_links":{"self":[{"href":"https:\/\/heienweb.com\/leo\/wp-json\/wp\/v2\/pages\/10","targetHints":{"allow":["GET"]}}],"collection":[{"href":"https:\/\/heienweb.com\/leo\/wp-json\/wp\/v2\/pages"}],"about":[{"href":"https:\/\/heienweb.com\/leo\/wp-json\/wp\/v2\/types\/page"}],"author":[{"embeddable":true,"href":"https:\/\/heienweb.com\/leo\/wp-json\/wp\/v2\/users\/1"}],"replies":[{"embeddable":true,"href":"https:\/\/heienweb.com\/leo\/wp-json\/wp\/v2\/comments?post=10"}],"version-history":[{"count":79,"href":"https:\/\/heienweb.com\/leo\/wp-json\/wp\/v2\/pages\/10\/revisions"}],"predecessor-version":[{"id":354,"href":"https:\/\/heienweb.com\/leo\/wp-json\/wp\/v2\/pages\/10\/revisions\/354"}],"wp:attachment":[{"href":"https:\/\/heienweb.com\/leo\/wp-json\/wp\/v2\/media?parent=10"}],"curies":[{"name":"wp","href":"https:\/\/api.w.org\/{rel}","templated":true}]}}